{"id":4919,"date":"2022-03-11T16:46:54","date_gmt":"2022-03-11T15:46:54","guid":{"rendered":"https:\/\/textinnova.com\/quote\/"},"modified":"2022-03-28T16:03:21","modified_gmt":"2022-03-28T14:03:21","slug":"quote-request","status":"publish","type":"page","link":"https:\/\/textinnova.com\/en\/quote-request\/","title":{"rendered":"Quote request"},"content":{"rendered":"<div id=\"tdi_1\" class=\"tdc-zone\"><div class=\"tdc_zone tdi_2  wpb_row td-pb-row\"  >\n<style scoped>\n\/* custom css - generated by TagDiv Composer *\/\n\n\/* custom css - generated by TagDiv Composer *\/\n.tdi_2{\r\n                    min-height: 0;\r\n                }\n<\/style><div id=\"tdi_3\" class=\"tdc-row\"><div class=\"vc_row tdi_4  wpb_row td-pb-row\" >\n<style scoped>\n\/* custom css - generated by TagDiv Composer *\/\n\n\/* custom css - generated by TagDiv Composer *\/\n.tdi_4,\r\n                .tdi_4 .tdc-columns{\r\n                    min-height: 0;\r\n                }.tdi_4,\r\n\t\t\t\t.tdi_4 .tdc-columns{\r\n\t\t\t\t    display: block;\r\n\t\t\t\t}.tdi_4 .tdc-columns{\r\n\t\t\t\t    width: 100%;\r\n\t\t\t\t}.tdi_4:before,\r\n\t\t\t\t.tdi_4:after{\r\n\t\t\t\t    display: table;\r\n\t\t\t\t}\n<\/style><div class=\"vc_column tdi_6  wpb_column vc_column_container tdc-column td-pb-span12\">\n<style scoped>\n\/* custom css - generated by TagDiv Composer *\/\n\n\/* custom css - generated by TagDiv Composer *\/\n.tdi_6{\r\n                    vertical-align: baseline;\r\n                }.tdi_6 > .wpb_wrapper,\r\n\t\t\t\t.tdi_6 > .wpb_wrapper > .tdc-elements{\r\n\t\t\t\t    display: block;\r\n\t\t\t\t}.tdi_6 > .wpb_wrapper > .tdc-elements{\r\n\t\t\t\t    width: 100%;\r\n\t\t\t\t}.tdi_6 > .wpb_wrapper > .vc_row_inner{\r\n\t\t\t\t    width: auto;\r\n\t\t\t\t}.tdi_6 > .wpb_wrapper{\r\n\t\t\t\t    width: auto;\r\n\t\t\t\t    height: auto;\r\n\t\t\t\t}\n<\/style><div class=\"wpb_wrapper\" ><div class=\"td_block_wrap tdb_title tdi_7 tdb-page-title td-pb-border-top td_block_template_1\"  data-td-block-uid=\"tdi_7\" >\n<style>\n\n\/* inline tdc_css att - generated by TagDiv Composer *\/\n\n.tdi_7{\nmargin-bottom:50px !important;\npadding-top:50px !important;\n}\n\n<\/style>\n<style>\n\/* custom css - generated by TagDiv Composer *\/\n.tdb_title{\r\n                  margin-bottom: 19px;\r\n                }.tdb_title.tdb-content-horiz-center{\r\n                  text-align: center;\r\n                }.tdb_title.tdb-content-horiz-center .tdb-title-line{\r\n                  margin: 0 auto;\r\n                }.tdb_title.tdb-content-horiz-right{\r\n                  text-align: right;\r\n                }.tdb_title.tdb-content-horiz-right .tdb-title-line{\r\n                  margin-left: auto;\r\n                  margin-right: 0;\r\n                }.tdb-title-text{\r\n                  display: inline-block;\r\n                  position: relative;\r\n                  margin: 0;\r\n                  word-wrap: break-word;\r\n                  font-size: 30px;\r\n                  line-height: 38px;\r\n                  font-weight: 700;\r\n                }.tdb-first-letter{\r\n                  position: absolute;\r\n                  -webkit-user-select: none;\r\n                  user-select: none;\r\n                  pointer-events: none;\r\n                  text-transform: uppercase;\r\n                  color: rgba(0, 0, 0, 0.08);\r\n                  font-size: 6em;\r\n                  font-weight: 300;\r\n                  top: 50%;\r\n                  -webkit-transform: translateY(-50%);\r\n                  transform: translateY(-50%);\r\n                  left: -0.36em;\r\n                  z-index: -1;\r\n                  -webkit-text-fill-color: initial;\r\n                }.tdb-title-line{\r\n                  display: none;\r\n                  position: relative;\r\n                }.tdb-title-line:after{\r\n                  content: '';\r\n                  width: 100%;\r\n                  position: absolute;\r\n                  background-color: var(--td_theme_color, #4db2ec);\r\n                  top: 0;\r\n                  left: 0;\r\n                  margin: auto;\r\n                }.tdi_7 .tdb-title-text{\r\n\t\t\t\t\tbackground-color: rgba(0,0,0,0);\r\n\t\t\t\t\t-webkit-background-clip: text;\r\n\t\t\t\t\t-webkit-text-fill-color: transparent;\r\n\t\t\t\t}html[class*='ie'] .tdi_7 .tdb-title-text{\r\n\t\t\t\t    background: none;\r\n\t\t\t\t\tcolor: rgba(0,0,0,0);\r\n\t\t\t\t}.tdi_7 .tdb-title-line:after{\r\n\t\t\t\t\theight: 2px;\r\n\t\t\t\t\r\n\t\t\t\t\tbottom: 40%;\r\n\t\t\t\t}.tdi_7 .tdb-title-line{\r\n\t\t\t\t\theight: 50px;\r\n\t\t\t\t\r\n\t\t\t\t\tmargin-left: auto;\r\n\t\t\t\t\tmargin-right: auto;\r\n\t\t\t\t}.td-theme-wrap .tdi_7{\r\n\t\t\t\t\ttext-align: center;\r\n\t\t\t\t}.tdi_7 .tdb-first-letter{\r\n\t\t\t\t\tleft: 0;\r\n\t\t\t\t\tright: 0;\r\n\t\t\t\t}\n<\/style><div class=\"tdb-block-inner td-fix-index\"><h1 class=\"tdb-title-text\">Sample Page Title<\/h1><div><\/div><div class=\"tdb-title-line\"><\/div><\/div><\/div>\r\n<div id=\"zf_div_CQjzww0GPeR1C6Eqx5UmWIx9EKo6ngD4FlqWbNa-tAM\"><\/div><script type=\"text\/javascript\">(function() {\r\ntry{\r\nvar f = document.createElement(\"iframe\");\r\nf.src = 'https:\/\/forms.zohopublic.eu\/textinnova\/form\/presu\/formperma\/CQjzww0GPeR1C6Eqx5UmWIx9EKo6ngD4FlqWbNa-tAM?zf_lang=en&zf_rszfm=1';\r\nf.style.border=\"none\";\r\nf.style.height=\"1780px\";\r\nf.style.width=\"90%\";\r\nf.style.transition=\"all 0.5s ease\";\r\nvar d = document.getElementById(\"zf_div_CQjzww0GPeR1C6Eqx5UmWIx9EKo6ngD4FlqWbNa-tAM\");\r\nd.appendChild(f);\r\nwindow.addEventListener('message', function (){\r\nvar evntData = event.data;\r\nif( evntData && evntData.constructor == String ){\r\nvar zf_ifrm_data = evntData.split(\"|\");\r\nif ( zf_ifrm_data.length == 2 ) {\r\nvar zf_perma = zf_ifrm_data[0];\r\nvar zf_ifrm_ht_nw = ( parseInt(zf_ifrm_data[1], 10) + 15 ) + \"px\";\r\nvar iframe = document.getElementById(\"zf_div_CQjzww0GPeR1C6Eqx5UmWIx9EKo6ngD4FlqWbNa-tAM\").getElementsByTagName(\"iframe\")[0];\r\nif ( (iframe.src).indexOf('formperma') > 0 && (iframe.src).indexOf(zf_perma) > 0 ) {\r\nvar prevIframeHeight = iframe.style.height;\r\nif ( prevIframeHeight != zf_ifrm_ht_nw ) {\r\niframe.style.height = zf_ifrm_ht_nw;\r\n}\r\n}\r\n}\r\n}\r\n}, false);\r\n}catch(e){}\r\n})();<\/script>\r\n<\/div><\/div><\/div><\/div><\/div><\/div>","protected":false},"excerpt":{"rendered":"","protected":false},"author":6,"featured_media":0,"parent":0,"menu_order":0,"comment_status":"closed","ping_status":"closed","template":"","meta":{"footnotes":""},"class_list":["post-4919","page","type-page","status-publish"],"yoast_head":"<!-- This site is optimized with the Yoast SEO Premium plugin v24.5 (Yoast SEO v26.7) - https:\/\/yoast.com\/wordpress\/plugins\/seo\/ -->\n<title>Quote request - TEXTINNOVA<\/title>\n<meta name=\"robots\" content=\"noindex, nofollow\" \/>\n<meta property=\"og:locale\" content=\"en_GB\" \/>\n<meta property=\"og:type\" content=\"article\" \/>\n<meta property=\"og:title\" content=\"Quote request\" \/>\n<meta property=\"og:url\" content=\"https:\/\/textinnova.com\/en\/quote-request\/\" \/>\n<meta property=\"og:site_name\" content=\"TEXTINNOVA\" \/>\n<meta property=\"article:modified_time\" content=\"2022-03-28T14:03:21+00:00\" \/>\n<meta name=\"twitter:card\" content=\"summary_large_image\" \/>\n<meta name=\"twitter:site\" content=\"@textinnova\" \/>\n<script type=\"application\/ld+json\" class=\"yoast-schema-graph\">{\"@context\":\"https:\/\/schema.org\",\"@graph\":[{\"@type\":\"Article\",\"@id\":\"https:\/\/textinnova.com\/en\/quote-request\/#article\",\"isPartOf\":{\"@id\":\"https:\/\/textinnova.com\/en\/quote-request\/\"},\"author\":{\"name\":\"Marta Pino Moreno\",\"@id\":\"https:\/\/textinnova.com\/en\/#\/schema\/person\/e7260c10f51b839a70c9571c589e0ac0\"},\"headline\":\"Quote request\",\"datePublished\":\"2022-03-11T15:46:54+00:00\",\"dateModified\":\"2022-03-28T14:03:21+00:00\",\"mainEntityOfPage\":{\"@id\":\"https:\/\/textinnova.com\/en\/quote-request\/\"},\"wordCount\":53,\"publisher\":{\"@id\":\"https:\/\/textinnova.com\/en\/#organization\"},\"inLanguage\":\"en-GB\"},{\"@type\":\"WebPage\",\"@id\":\"https:\/\/textinnova.com\/en\/quote-request\/\",\"url\":\"https:\/\/textinnova.com\/en\/quote-request\/\",\"name\":\"Quote request - TEXTINNOVA\",\"isPartOf\":{\"@id\":\"https:\/\/textinnova.com\/en\/#website\"},\"datePublished\":\"2022-03-11T15:46:54+00:00\",\"dateModified\":\"2022-03-28T14:03:21+00:00\",\"breadcrumb\":{\"@id\":\"https:\/\/textinnova.com\/en\/quote-request\/#breadcrumb\"},\"inLanguage\":\"en-GB\",\"potentialAction\":[{\"@type\":\"ReadAction\",\"target\":[\"https:\/\/textinnova.com\/en\/quote-request\/\"]}]},{\"@type\":\"BreadcrumbList\",\"@id\":\"https:\/\/textinnova.com\/en\/quote-request\/#breadcrumb\",\"itemListElement\":[{\"@type\":\"ListItem\",\"position\":1,\"name\":\"Inicio\",\"item\":\"https:\/\/textinnova.com\/en\/\"},{\"@type\":\"ListItem\",\"position\":2,\"name\":\"Quote request\"}]},{\"@type\":\"WebSite\",\"@id\":\"https:\/\/textinnova.com\/en\/#website\",\"url\":\"https:\/\/textinnova.com\/en\/\",\"name\":\"TEXTINNOVA\",\"description\":\"Creation, editing, translation and publication of multimedia content\",\"publisher\":{\"@id\":\"https:\/\/textinnova.com\/en\/#organization\"},\"potentialAction\":[{\"@type\":\"SearchAction\",\"target\":{\"@type\":\"EntryPoint\",\"urlTemplate\":\"https:\/\/textinnova.com\/en\/?s={search_term_string}\"},\"query-input\":{\"@type\":\"PropertyValueSpecification\",\"valueRequired\":true,\"valueName\":\"search_term_string\"}}],\"inLanguage\":\"en-GB\"},{\"@type\":\"Organization\",\"@id\":\"https:\/\/textinnova.com\/en\/#organization\",\"name\":\"TEXTINNOVA\",\"url\":\"https:\/\/textinnova.com\/en\/\",\"logo\":{\"@type\":\"ImageObject\",\"inLanguage\":\"en-GB\",\"@id\":\"https:\/\/textinnova.com\/en\/#\/schema\/logo\/image\/\",\"url\":\"https:\/\/textinnova.com\/wp-content\/uploads\/2020\/07\/textinnova-logo-mennu.png\",\"contentUrl\":\"https:\/\/textinnova.com\/wp-content\/uploads\/2020\/07\/textinnova-logo-mennu.png\",\"width\":361,\"height\":75,\"caption\":\"TEXTINNOVA\"},\"image\":{\"@id\":\"https:\/\/textinnova.com\/en\/#\/schema\/logo\/image\/\"},\"sameAs\":[\"https:\/\/x.com\/textinnova\",\"https:\/\/www.linkedin.com\/company\/textinnova\",\"https:\/\/www.youtube.com\/channel\/UCBrGIqZhM36mVi293xvxMCQ\"]},{\"@type\":\"Person\",\"@id\":\"https:\/\/textinnova.com\/en\/#\/schema\/person\/e7260c10f51b839a70c9571c589e0ac0\",\"name\":\"Marta Pino Moreno\",\"image\":{\"@type\":\"ImageObject\",\"inLanguage\":\"en-GB\",\"@id\":\"https:\/\/textinnova.com\/en\/#\/schema\/person\/image\/\",\"url\":\"https:\/\/secure.gravatar.com\/avatar\/fa73b3dd871ac5dbfa73ef45667d2e20?s=96&d=mm&r=g\",\"contentUrl\":\"https:\/\/secure.gravatar.com\/avatar\/fa73b3dd871ac5dbfa73ef45667d2e20?s=96&d=mm&r=g\",\"caption\":\"Marta Pino Moreno\"},\"description\":\"Marta Pino Moreno es ling\u00fcista y traductora editorial. Tras comenzar su trayectoria profesional como investigadora de ling\u00fc\u00edstica de corpus en la Universidad de Lovaina (B\u00e9lgica), se traslad\u00f3 a Madrid para trabajar en la Real Academia Espa\u00f1ola, donde contribuy\u00f3 a desarrollar el proyecto de corpus ling\u00fc\u00edsticos en el Departamento de Lexicograf\u00eda. Posteriormente obtuvo el t\u00edtulo de Doctora Europea en Filolog\u00eda Hisp\u00e1nica, en la especialidad de ling\u00fc\u00edstica, y orient\u00f3 su actividad hacia el mundo de la traducci\u00f3n acad\u00e9mica y editorial. En Barcelona imparti\u00f3 clases en la Universitat Pompeu Fabra. Traduce y edita numerosas publicaciones del sistema de Naciones Unidas en Ginebra. Ha publicado m\u00e1s de un centenar de traducciones de ensayo, narrativa y poes\u00eda. En 2020 fund\u00f3 la empresa textinnova y actualmente coordina su equipo editorial.\",\"sameAs\":[\"https:\/\/martapino.com\",\"https:\/\/es.linkedin.com\/in\/martapino\"],\"honorificSuffix\":\"PhD\",\"url\":\"https:\/\/textinnova.com\/en\/author\/marta-p\/\"}]}<\/script>\n<!-- \/ Yoast SEO Premium plugin. -->","yoast_head_json":{"title":"Quote request - TEXTINNOVA","robots":{"index":"noindex","follow":"nofollow"},"og_locale":"en_GB","og_type":"article","og_title":"Quote request","og_url":"https:\/\/textinnova.com\/en\/quote-request\/","og_site_name":"TEXTINNOVA","article_modified_time":"2022-03-28T14:03:21+00:00","twitter_card":"summary_large_image","twitter_site":"@textinnova","schema":{"@context":"https:\/\/schema.org","@graph":[{"@type":"Article","@id":"https:\/\/textinnova.com\/en\/quote-request\/#article","isPartOf":{"@id":"https:\/\/textinnova.com\/en\/quote-request\/"},"author":{"name":"Marta Pino Moreno","@id":"https:\/\/textinnova.com\/en\/#\/schema\/person\/e7260c10f51b839a70c9571c589e0ac0"},"headline":"Quote request","datePublished":"2022-03-11T15:46:54+00:00","dateModified":"2022-03-28T14:03:21+00:00","mainEntityOfPage":{"@id":"https:\/\/textinnova.com\/en\/quote-request\/"},"wordCount":53,"publisher":{"@id":"https:\/\/textinnova.com\/en\/#organization"},"inLanguage":"en-GB"},{"@type":"WebPage","@id":"https:\/\/textinnova.com\/en\/quote-request\/","url":"https:\/\/textinnova.com\/en\/quote-request\/","name":"Quote request - TEXTINNOVA","isPartOf":{"@id":"https:\/\/textinnova.com\/en\/#website"},"datePublished":"2022-03-11T15:46:54+00:00","dateModified":"2022-03-28T14:03:21+00:00","breadcrumb":{"@id":"https:\/\/textinnova.com\/en\/quote-request\/#breadcrumb"},"inLanguage":"en-GB","potentialAction":[{"@type":"ReadAction","target":["https:\/\/textinnova.com\/en\/quote-request\/"]}]},{"@type":"BreadcrumbList","@id":"https:\/\/textinnova.com\/en\/quote-request\/#breadcrumb","itemListElement":[{"@type":"ListItem","position":1,"name":"Inicio","item":"https:\/\/textinnova.com\/en\/"},{"@type":"ListItem","position":2,"name":"Quote request"}]},{"@type":"WebSite","@id":"https:\/\/textinnova.com\/en\/#website","url":"https:\/\/textinnova.com\/en\/","name":"TEXTINNOVA","description":"Creation, editing, translation and publication of multimedia content","publisher":{"@id":"https:\/\/textinnova.com\/en\/#organization"},"potentialAction":[{"@type":"SearchAction","target":{"@type":"EntryPoint","urlTemplate":"https:\/\/textinnova.com\/en\/?s={search_term_string}"},"query-input":{"@type":"PropertyValueSpecification","valueRequired":true,"valueName":"search_term_string"}}],"inLanguage":"en-GB"},{"@type":"Organization","@id":"https:\/\/textinnova.com\/en\/#organization","name":"TEXTINNOVA","url":"https:\/\/textinnova.com\/en\/","logo":{"@type":"ImageObject","inLanguage":"en-GB","@id":"https:\/\/textinnova.com\/en\/#\/schema\/logo\/image\/","url":"https:\/\/textinnova.com\/wp-content\/uploads\/2020\/07\/textinnova-logo-mennu.png","contentUrl":"https:\/\/textinnova.com\/wp-content\/uploads\/2020\/07\/textinnova-logo-mennu.png","width":361,"height":75,"caption":"TEXTINNOVA"},"image":{"@id":"https:\/\/textinnova.com\/en\/#\/schema\/logo\/image\/"},"sameAs":["https:\/\/x.com\/textinnova","https:\/\/www.linkedin.com\/company\/textinnova","https:\/\/www.youtube.com\/channel\/UCBrGIqZhM36mVi293xvxMCQ"]},{"@type":"Person","@id":"https:\/\/textinnova.com\/en\/#\/schema\/person\/e7260c10f51b839a70c9571c589e0ac0","name":"Marta Pino Moreno","image":{"@type":"ImageObject","inLanguage":"en-GB","@id":"https:\/\/textinnova.com\/en\/#\/schema\/person\/image\/","url":"https:\/\/secure.gravatar.com\/avatar\/fa73b3dd871ac5dbfa73ef45667d2e20?s=96&d=mm&r=g","contentUrl":"https:\/\/secure.gravatar.com\/avatar\/fa73b3dd871ac5dbfa73ef45667d2e20?s=96&d=mm&r=g","caption":"Marta Pino Moreno"},"description":"Marta Pino Moreno es ling\u00fcista y traductora editorial. Tras comenzar su trayectoria profesional como investigadora de ling\u00fc\u00edstica de corpus en la Universidad de Lovaina (B\u00e9lgica), se traslad\u00f3 a Madrid para trabajar en la Real Academia Espa\u00f1ola, donde contribuy\u00f3 a desarrollar el proyecto de corpus ling\u00fc\u00edsticos en el Departamento de Lexicograf\u00eda. Posteriormente obtuvo el t\u00edtulo de Doctora Europea en Filolog\u00eda Hisp\u00e1nica, en la especialidad de ling\u00fc\u00edstica, y orient\u00f3 su actividad hacia el mundo de la traducci\u00f3n acad\u00e9mica y editorial. En Barcelona imparti\u00f3 clases en la Universitat Pompeu Fabra. Traduce y edita numerosas publicaciones del sistema de Naciones Unidas en Ginebra. Ha publicado m\u00e1s de un centenar de traducciones de ensayo, narrativa y poes\u00eda. En 2020 fund\u00f3 la empresa textinnova y actualmente coordina su equipo editorial.","sameAs":["https:\/\/martapino.com","https:\/\/es.linkedin.com\/in\/martapino"],"honorificSuffix":"PhD","url":"https:\/\/textinnova.com\/en\/author\/marta-p\/"}]}},"_links":{"self":[{"href":"https:\/\/textinnova.com\/en\/wp-json\/wp\/v2\/pages\/4919","targetHints":{"allow":["GET"]}}],"collection":[{"href":"https:\/\/textinnova.com\/en\/wp-json\/wp\/v2\/pages"}],"about":[{"href":"https:\/\/textinnova.com\/en\/wp-json\/wp\/v2\/types\/page"}],"author":[{"embeddable":true,"href":"https:\/\/textinnova.com\/en\/wp-json\/wp\/v2\/users\/6"}],"replies":[{"embeddable":true,"href":"https:\/\/textinnova.com\/en\/wp-json\/wp\/v2\/comments?post=4919"}],"version-history":[{"count":3,"href":"https:\/\/textinnova.com\/en\/wp-json\/wp\/v2\/pages\/4919\/revisions"}],"predecessor-version":[{"id":5500,"href":"https:\/\/textinnova.com\/en\/wp-json\/wp\/v2\/pages\/4919\/revisions\/5500"}],"wp:attachment":[{"href":"https:\/\/textinnova.com\/en\/wp-json\/wp\/v2\/media?parent=4919"}],"curies":[{"name":"wp","href":"https:\/\/api.w.org\/{rel}","templated":true}]}}